{"id":12,"date":"2025-05-13T07:18:36","date_gmt":"2025-05-13T07:18:36","guid":{"rendered":"https:\/\/lerncoach.at\/?page_id=12"},"modified":"2025-05-21T14:44:33","modified_gmt":"2025-05-21T14:44:33","slug":"future2come","status":"publish","type":"page","link":"https:\/\/lerncoach.at\/","title":{"rendered":"Future2Come"},"content":{"rendered":"\n<figure class=\"wp-block-image size-large\"><img loading=\"lazy\" decoding=\"async\" width=\"1024\" height=\"384\" src=\"https:\/\/lerncoach.at\/wp-content\/uploads\/2025\/05\/header_f2c-1024x384.jpg\" alt=\"\" class=\"wp-image-14\" srcset=\"https:\/\/lerncoach.at\/wp-content\/uploads\/2025\/05\/header_f2c-1024x384.jpg 1024w, https:\/\/lerncoach.at\/wp-content\/uploads\/2025\/05\/header_f2c-300x113.jpg 300w, https:\/\/lerncoach.at\/wp-content\/uploads\/2025\/05\/header_f2c-768x288.jpg 768w, https:\/\/lerncoach.at\/wp-content\/uploads\/2025\/05\/header_f2c.jpg 1304w\" sizes=\"auto, (max-width: 1024px) 100vw, 1024px\" \/><\/figure>\n\n\n\n<h3 class=\"wp-block-heading\" style=\"margin-top:var(--wp--preset--spacing--20);margin-bottom:var(--wp--preset--spacing--20);padding-top:var(--wp--preset--spacing--40);padding-bottom:var(--wp--preset--spacing--50)\"><strong>Future2Come<\/strong> \u2013 Dein kompakter Wegweiser nach der Matura <\/h3>\n\n\n\n<p>Die Matura ist geschafft? Damit startest du in einen neuen Lebensabschnitt voller M\u00f6glichkeiten, Abenteuer, aber auch Entscheidungen. Mit&nbsp;<strong>Future2come<\/strong>&nbsp;m\u00f6chten wir dich dabei unterst\u00fctzen, die nun anstehenden Entscheidungen treffen zu k\u00f6nnen.<\/p>\n\n\n\n<p>Ob du ein Studium beginnen, noch eine Lehre absolvieren, gleich ins Berufsleben einsteigen oder doch lieber erst Erfahrungen im Ausland&nbsp;sammeln m\u00f6chtest \u2013 wir liefern dir&nbsp;wichtige&nbsp;Infos,&nbsp;damit du deinen Weg finden und ihn auch weiter erfolgreich gehen kannst.<\/p>\n\n\n\n<div class=\"wp-block-columns border_orange has-border-color has-ast-global-color-4-background-color has-background is-layout-flex wp-container-core-columns-is-layout-be2de040 wp-block-columns-is-layout-flex\" style=\"border-color:#fc9200;border-width:0.15em;border-radius:3px;margin-top:var(--wp--preset--spacing--50);margin-bottom:var(--wp--preset--spacing--50);padding-top:0;padding-right:0;padding-bottom:0;padding-left:0\">\n<div class=\"wp-block-column is-layout-flow wp-block-column-is-layout-flow\" style=\"flex-basis:25%\">\n<figure class=\"wp-block-image size-full has-custom-border\"><img loading=\"lazy\" decoding=\"async\" width=\"675\" height=\"675\" src=\"https:\/\/lerncoach.at\/wp-content\/uploads\/2025\/05\/future2come3.jpg\" alt=\"\" class=\"has-border-color has-ast-global-color-4-border-color wp-image-67\" style=\"border-width:10px\" srcset=\"https:\/\/lerncoach.at\/wp-content\/uploads\/2025\/05\/future2come3.jpg 675w, https:\/\/lerncoach.at\/wp-content\/uploads\/2025\/05\/future2come3-300x300.jpg 300w, https:\/\/lerncoach.at\/wp-content\/uploads\/2025\/05\/future2come3-150x150.jpg 150w\" sizes=\"auto, (max-width: 675px) 100vw, 675px\" \/><\/figure>\n<\/div>\n\n\n\n<div class=\"wp-block-column is-vertically-aligned-center is-layout-flow wp-block-column-is-layout-flow\" style=\"flex-basis:66.66%\">\n<h5 class=\"wp-block-heading\" style=\"margin-top:0;margin-bottom:0;padding-top:0;padding-bottom:0\"><strong>Sichere dir dein kostenloses Info-Bonusheft f\u00fcr Maturant:innen!<\/strong><\/h5>\n\n\n\n<p style=\"margin-top:var(--wp--preset--spacing--20);margin-bottom:var(--wp--preset--spacing--20);padding-top:0;padding-bottom:0\">Im November erscheint das neue Info-Bonusheft mit vielen Tipps zur Zukunftsplanung.<br>Schreib an <a>office@bildungsagentur.at<\/a>, und wir senden dir die PDF-Version nach Erscheinen direkt zu.<\/p>\n\n\n\n<div class=\"wp-block-buttons is-content-justification-center is-layout-flex wp-container-core-buttons-is-layout-a89b3969 wp-block-buttons-is-layout-flex\">\n<div class=\"wp-block-button\"><a class=\"wp-block-button__link has-ast-global-color-4-color has-text-color has-link-color wp-element-button\" href=\"https:\/\/www.lerncoach.at\/wp-content\/themes\/astra-child\/Future2Come%202024.pdf\" style=\"border-radius:4px\" target=\"_blank\" rel=\"noreferrer noopener\"><strong>Download des aktuellen Info-Bonushefts<\/strong><\/a><\/div>\n<\/div>\n<\/div>\n<\/div>\n\n\n\n<div style=\"height:40px\" aria-hidden=\"true\" class=\"wp-block-spacer\"><\/div>\n\n\n\n<h5 class=\"wp-block-heading\"><strong>Good to know<\/strong><\/h5>\n\n\n\n<div class=\"wp-block-columns is-layout-flex wp-container-core-columns-is-layout-07b7b7eb wp-block-columns-is-layout-flex\" style=\"padding-top:0;padding-right:0;padding-bottom:0;padding-left:0\">\n<div class=\"wp-block-column is-layout-flow wp-block-column-is-layout-flow\" style=\"flex-basis:33.33%\">\n<figure class=\"wp-block-image size-full is-resized\"><img loading=\"lazy\" decoding=\"async\" width=\"240\" height=\"180\" src=\"https:\/\/lerncoach.at\/wp-content\/uploads\/2025\/05\/matura.jpg\" alt=\"\" class=\"wp-image-38\" style=\"width:325px;height:auto\"\/><\/figure>\n<\/div>\n\n\n\n<div class=\"wp-block-column is-layout-flow wp-block-column-is-layout-flow\" style=\"flex-basis:66.66%\">\n<h5 class=\"wp-block-heading\" style=\"margin-top:0;margin-bottom:0;padding-top:0;padding-bottom:0;line-height:1.2\"><strong>Erlebe die Zeit deines Lebens bei einer EF Sprachreise <\/strong><br><strong>nach der Matura!<\/strong><\/h5>\n\n\n\n<p style=\"margin-top:var(--wp--preset--spacing--20);margin-bottom:var(--wp--preset--spacing--20);padding-top:0;padding-bottom:0\">Matura und was nun? Jetzt ist die perfekte Zeit, ins Ausland zu gehen!<br>EF Sprachreisen bietet Auslandsaufenthalte mit flexibler Dauer zwischen 2 Wochen und einem Jahr an. W\u00e4hle aus 50 Reisezielen weltweit, reise flexibel jeden Montag aus und stelle dir deinen Kurs nach deinen W\u00fcnschen zusammen. Egal, ob normale Sprachreise, Work &amp; Study oder Universit\u00e4tsvorbereitung &#8211; EF findet das richtige Programm f\u00fcr dich!<\/p>\n\n\n\n<p style=\"margin-top:var(--wp--preset--spacing--20);margin-bottom:var(--wp--preset--spacing--20);padding-top:0;padding-bottom:0\">Fordere einfach \u00fcber den Link&nbsp;<a href=\"https:\/\/www.ef.at\/cc\/brochure\/?utm_source=partnership&amp;utm_medium=referral&amp;utm_content=ref_othat_futurenewslettermatura25\" target=\"_blank\" rel=\"noreferrer noopener\">www.ef.at\/yourfuture<\/a>&nbsp;einen gratis Katalog an oder melde dich bei EF per Email an&nbsp;<a href=\"mailto:sprachreisen.at@ef.com\">sprachreisen.at@ef.com<\/a>.<br><a href=\"https:\/\/www.ef.at\/\" target=\"_blank\" rel=\"noreferrer noopener\">www.ef.at<\/a><\/p>\n\n\n\n<div style=\"height:38px\" aria-hidden=\"true\" class=\"wp-block-spacer\"><\/div>\n<\/div>\n<\/div>\n\n\n\n<div class=\"wp-block-columns is-layout-flex wp-container-core-columns-is-layout-07b7b7eb wp-block-columns-is-layout-flex\" style=\"padding-top:0;padding-right:0;padding-bottom:0;padding-left:0\">\n<div class=\"wp-block-column is-layout-flow wp-block-column-is-layout-flow\" style=\"flex-basis:33.33%\">\n<figure class=\"wp-block-image size-full is-resized\"><img loading=\"lazy\" decoding=\"async\" width=\"240\" height=\"240\" src=\"https:\/\/lerncoach.at\/wp-content\/uploads\/2025\/05\/fui.jpg\" alt=\"\" class=\"wp-image-51\" style=\"width:325px;height:auto\" srcset=\"https:\/\/lerncoach.at\/wp-content\/uploads\/2025\/05\/fui.jpg 240w, https:\/\/lerncoach.at\/wp-content\/uploads\/2025\/05\/fui-150x150.jpg 150w\" sizes=\"auto, (max-width: 240px) 100vw, 240px\" \/><\/figure>\n<\/div>\n\n\n\n<div class=\"wp-block-column is-layout-flow wp-block-column-is-layout-flow\" style=\"flex-basis:66.66%\">\n<h5 class=\"wp-block-heading\" style=\"padding-top:0;padding-bottom:0;line-height:1.2\"><strong>Dein Jahr f\u00fcr Umwelt, Klima und Natur. Dein Jahr f\u00fcr dich.<\/strong><\/h5>\n\n\n\n<p style=\"margin-top:var(--wp--preset--spacing--20);margin-bottom:var(--wp--preset--spacing--20);padding-top:0;padding-bottom:0\">Du suchst nach deinem Schulabschluss nach einer sinnvollen T\u00e4tigkeit und einer Alternative zu Pr\u00e4senz- &amp; Zivildienst? Willkommen beim Freiwilligen Umweltjahr:<br>6\u201312 Monate f\u00fcr Umwelt, Naturschutz &amp; Nachhaltigkeit!<\/p>\n\n\n\n<ul class=\"wp-block-list\">\n<li style=\"line-height:1.4\"><strong>Als Zivildienstersatz m\u00f6glich!<\/strong><\/li>\n\n\n\n<li style=\"line-height:1.4\">6 &#8211; 12 Monate, 34 Std.\/Woche<\/li>\n\n\n\n<li style=\"line-height:1.4\">Monatl. Taschengeld: 551,10 \u20ac (Geringf\u00fcgigkeitsgrenze, Stand 2025)<\/li>\n\n\n\n<li style=\"line-height:1.4\">Unfall-, Kranken-, Pensions- &amp; Ehrenamtlichen Haftpflichtversicherung<\/li>\n\n\n\n<li style=\"line-height:1.4\">Familienbeihilfe (bei Erf\u00fcllung d. gesetzl. Voraussetzungen)<\/li>\n\n\n\n<li style=\"line-height:1.4\">\u00d6sterreichweites Klimaticket<\/li>\n\n\n\n<li style=\"line-height:1.4\">Unterkunft &amp; Verpflegung nach Vereinbarung<\/li>\n<\/ul>\n\n\n\n<p style=\"margin-top:0;margin-bottom:0;padding-top:0;padding-bottom:0\"><a href=\"https:\/\/jugendumwelt.at\" target=\"_blank\" rel=\"noreferrer noopener\">https:\/\/jugendumwelt.at<\/a><\/p>\n<\/div>\n<\/div>\n\n\n\n<div style=\"height:38px\" aria-hidden=\"true\" class=\"wp-block-spacer\"><\/div>\n\n\n\n<div class=\"wp-block-columns is-layout-flex wp-container-core-columns-is-layout-07b7b7eb wp-block-columns-is-layout-flex\" style=\"padding-top:0;padding-right:0;padding-bottom:0;padding-left:0\">\n<div class=\"wp-block-column is-layout-flow wp-block-column-is-layout-flow\" style=\"flex-basis:33.33%\">\n<figure class=\"wp-block-image size-full is-resized\"><img loading=\"lazy\" decoding=\"async\" width=\"240\" height=\"180\" src=\"https:\/\/lerncoach.at\/wp-content\/uploads\/2025\/05\/kinder_wien.jpg\" alt=\"\" class=\"wp-image-59\" style=\"width:325px;height:auto\"\/><\/figure>\n<\/div>\n\n\n\n<div class=\"wp-block-column is-layout-flow wp-block-column-is-layout-flow\" style=\"flex-basis:66.66%\">\n<h5 class=\"wp-block-heading\" style=\"padding-top:0;padding-bottom:0;line-height:1.2\"><strong><strong>Gestalte die Zukunft nachhaltig mit \u2013 komm zu KIWI!<\/strong><\/strong><\/h5>\n\n\n\n<p style=\"margin-top:var(--wp--preset--spacing--20);margin-bottom:var(--wp--preset--spacing--20);padding-top:0;padding-bottom:0\">Du suchst einen Job, in dem du die Welt ver\u00e4ndern kannst? Komm in die fr\u00fchkindliche Bildung, eines der nachhaltigsten Berufsfelder \u00fcberhaupt! In den Kinderg\u00e4rten und Horten von KIWI \u2013 Kinder in Wien begleitest du Kinder, wenn sie ihre Talente entdecken, Kompetenzen entwickeln und zu selbstbewussten Menschen werden.<\/p>\n\n\n\n<p style=\"margin-top:var(--wp--preset--spacing--20);margin-bottom:var(--wp--preset--spacing--20);padding-top:0;padding-bottom:0\">Du hast keinen BAfEP-Abschluss? Kein Problem! Der von der Hochschule Koblenz und KIWI am Studienort Wien angebotene, berufsbegleitende und praxisorientierte Studiengang BABE+ ist perfekt f\u00fcr Quereinsteiger*innen geeignet! Gleich bewerben \u2013 die n\u00e4chste Kohorte startet im Herbst 2025. Wir freuen uns auf dich!<\/p>\n\n\n\n<p style=\"margin-top:0\"><a href=\"https:\/\/jugendumwelt.at\" target=\"_blank\" rel=\"noreferrer noopener\"><\/a><a href=\"http:\/\/www.kinderinwien.at\/karriere\">www.kinderinwien.at\/karriere<\/a><br><a href=\"http:\/\/www.babeplus.at\/\">www.babeplus.at<\/a><\/p>\n<\/div>\n<\/div>\n\n\n\n<div style=\"height:38px\" aria-hidden=\"true\" class=\"wp-block-spacer\"><\/div>\n\n\n\n<div class=\"wp-block-columns is-layout-flex wp-container-core-columns-is-layout-07b7b7eb wp-block-columns-is-layout-flex\" style=\"padding-top:0;padding-right:0;padding-bottom:0;padding-left:0\">\n<div class=\"wp-block-column is-layout-flow wp-block-column-is-layout-flow\" style=\"flex-basis:33.33%\">\n<figure class=\"wp-block-image size-full is-resized\"><img loading=\"lazy\" decoding=\"async\" width=\"240\" height=\"180\" src=\"https:\/\/lerncoach.at\/wp-content\/uploads\/2025\/05\/ausbildung.jpg\" alt=\"\" class=\"wp-image-60\" style=\"width:325px;height:auto\"\/><\/figure>\n<\/div>\n\n\n\n<div class=\"wp-block-column is-layout-flow wp-block-column-is-layout-flow\" style=\"flex-basis:66.66%\">\n<h5 class=\"wp-block-heading\" style=\"padding-top:0;padding-bottom:0;line-height:1.2\"><strong><strong><strong>Pflege studieren \u2013 mitten in Wien!<\/strong><\/strong><\/strong><\/h5>\n\n\n\n<p style=\"margin-top:var(--wp--preset--spacing--20);margin-bottom:var(--wp--preset--spacing--20);padding-top:0;padding-bottom:0\">Du willst einen Beruf mit Sinn und Zukunft? Am Vinzentinum Wien findest du<br>genau das!<\/p>\n\n\n\n<p style=\"margin-top:var(--wp--preset--spacing--20);margin-bottom:var(--wp--preset--spacing--20);padding-top:0;padding-bottom:0\">&nbsp;&nbsp;\u2705&nbsp; Bachelorstudium Gesundheits- und Krankenpflege<br>&nbsp;&nbsp;\ud83d\udccd&nbsp; Mitten in Wien in modernem Ambiente<br>&nbsp;&nbsp;\ud83e\udd1d&nbsp; Famili\u00e4re Atmosph\u00e4re und pers\u00f6nliche Betreuung<br>&nbsp;&nbsp;\ud83d\udd2c&nbsp; Wissenschaft trifft Praxis \u2013 6 Semester Vollzeit in Kooperation mit der<br>&nbsp; &nbsp; &nbsp; &nbsp; FH Campus Wien<br>&nbsp;&nbsp;\ud83c\udf93&nbsp; Berufsberechtigung f\u00fcr den gehobenen Dienst der Gesundheits-<br>&nbsp; &nbsp; &nbsp; &nbsp; und Krankenpflege<\/p>\n\n\n\n<p style=\"margin-top:var(--wp--preset--spacing--20);margin-bottom:var(--wp--preset--spacing--20);padding-top:0;padding-bottom:0\">Bewirb dich bis zum 21. Juli 2025 f\u00fcr das Wintersemester 2025\/26!<br>Erfahre mehr \u00fcber das Studium und die Erfahrungen unserer Studierenden:<br><a href=\"https:\/\/www.vinzentinum-wien.at\/ausbildung\/gesundheits-krankenpflege\">www.vinzentinum-wien.at<\/a><\/p>\n<\/div>\n<\/div>\n\n\n\n<div style=\"height:38px\" aria-hidden=\"true\" class=\"wp-block-spacer\"><\/div>\n\n\n\n<div class=\"wp-block-columns is-layout-flex wp-container-core-columns-is-layout-07b7b7eb wp-block-columns-is-layout-flex\" style=\"padding-top:0;padding-right:0;padding-bottom:0;padding-left:0\">\n<div class=\"wp-block-column is-layout-flow wp-block-column-is-layout-flow\" style=\"flex-basis:33.33%\">\n<figure class=\"wp-block-image size-full is-resized\"><img loading=\"lazy\" decoding=\"async\" width=\"240\" height=\"117\" src=\"https:\/\/lerncoach.at\/wp-content\/uploads\/2025\/05\/best.jpg\" alt=\"\" class=\"wp-image-61\" style=\"width:325px;height:auto\"\/><\/figure>\n<\/div>\n\n\n\n<div class=\"wp-block-column is-layout-flow wp-block-column-is-layout-flow\" style=\"flex-basis:66.66%\">\n<h5 class=\"wp-block-heading\" style=\"padding-top:0;padding-bottom:0;line-height:1.2\"><strong><strong><strong><strong>BeSt 2025<\/strong><\/strong><\/strong><\/strong><\/h5>\n\n\n\n<p style=\"margin-top:var(--wp--preset--spacing--20);margin-bottom:var(--wp--preset--spacing--20);padding-top:0;padding-bottom:0\">In&nbsp;<strong>Graz&nbsp;<\/strong>ist die BeSt von&nbsp;<strong>16. bis 18. Oktober&nbsp;<\/strong>zu Gast, in&nbsp;<strong>Salzburg von 20. bis 23. November 2025<\/strong>.<br>Bei freiem Eintritt erh\u00e4ltst du dort jede Menge Informationen rund um Beruf, Studium und Weiterbildung.&nbsp;Zus\u00e4tzlich dazu gibt es auch noch zahlreiche Workshops zu verschiedensten Themenbereichen. Auch diese kannst du kostenlos besuchen, allerdings ist eine Vorabanmeldung erforderlich, um dir deinen Workshopplatz zu sichern.<br><a href=\"https:\/\/best-messe.at\/\">https:\/\/best-messe.at<\/a><\/p>\n<\/div>\n<\/div>\n\n\n\n<div style=\"height:38px\" aria-hidden=\"true\" class=\"wp-block-spacer\"><\/div>\n\n\n\n<div class=\"wp-block-columns is-layout-flex wp-container-core-columns-is-layout-07b7b7eb wp-block-columns-is-layout-flex\" style=\"padding-top:0;padding-right:0;padding-bottom:0;padding-left:0\">\n<div class=\"wp-block-column is-layout-flow wp-block-column-is-layout-flow\" style=\"flex-basis:33.33%\">\n<figure class=\"wp-block-image size-full is-resized\"><img loading=\"lazy\" decoding=\"async\" width=\"240\" height=\"180\" src=\"https:\/\/lerncoach.at\/wp-content\/uploads\/2025\/05\/faktory.jpg\" alt=\"\" class=\"wp-image-63\" style=\"width:325px;height:auto\"\/><\/figure>\n<\/div>\n\n\n\n<div class=\"wp-block-column is-layout-flow wp-block-column-is-layout-flow\" style=\"flex-basis:66.66%\">\n<h5 class=\"wp-block-heading\" style=\"padding-top:0;padding-bottom:0;line-height:1.2\"><strong><strong><strong><strong><strong>Kostenlose Arbeitsrechtsberatung f\u00fcr Studierende<\/strong><\/strong><\/strong><\/strong><\/strong><\/h5>\n\n\n\n<p style=\"margin-top:var(--wp--preset--spacing--20);margin-bottom:var(--wp--preset--spacing--20);padding-top:0;padding-bottom:0\">Du wirst dir nach der Matura einen Nebenjob suchen, um dein Studium finanzieren zu k\u00f6nnen?<br>In der FAKTory beraten dich Arbeitsrechtsexpert:innen der Arbeiterkammer in Sachen Arbeitsrecht. Nach telefonischer Terminvereinbarung erh\u00e4ltst du Dienstag bis Donnerstag zwischen 9 und 17 Uhr nicht nur kostenlose Beratung, in den R\u00e4umlichkeiten der \u00d6GB-Fachbuchhandlung in der Universit\u00e4tsstra\u00dfe kannst du auch eine konsumfreie Lernzone nutzen, an einer der zahlreichen wissenschaftlichen Diskussionen und Lesungen teilnehmen oder deinen Buchbestand aufstocken.<br><a href=\"https:\/\/faktory.at\">https:faktory.at<\/a><\/p>\n<\/div>\n<\/div>\n\n\n\n<div style=\"height:38px\" aria-hidden=\"true\" class=\"wp-block-spacer\"><\/div>\n\n\n\n<div class=\"wp-block-columns is-layout-flex wp-container-core-columns-is-layout-07b7b7eb wp-block-columns-is-layout-flex\" style=\"padding-top:0;padding-right:0;padding-bottom:0;padding-left:0\">\n<div class=\"wp-block-column is-layout-flow wp-block-column-is-layout-flow\" style=\"flex-basis:33.33%\">\n<figure class=\"wp-block-image size-full is-resized\"><img loading=\"lazy\" decoding=\"async\" width=\"240\" height=\"357\" src=\"https:\/\/lerncoach.at\/wp-content\/uploads\/2025\/05\/konsum.jpg\" alt=\"\" class=\"wp-image-65\" style=\"width:325px;height:auto\" srcset=\"https:\/\/lerncoach.at\/wp-content\/uploads\/2025\/05\/konsum.jpg 240w, https:\/\/lerncoach.at\/wp-content\/uploads\/2025\/05\/konsum-202x300.jpg 202w\" sizes=\"auto, (max-width: 240px) 100vw, 240px\" \/><\/figure>\n<\/div>\n\n\n\n<div class=\"wp-block-column is-layout-flow wp-block-column-is-layout-flow\" style=\"flex-basis:66.66%\">\n<h5 class=\"wp-block-heading\" style=\"padding-top:0;padding-bottom:0;line-height:1.2\"><strong><strong><strong><strong><strong><strong>Aktuelles Thema kurz gefasst:&nbsp;Nikotinbeutel<\/strong><\/strong><\/strong><\/strong><\/strong><\/strong><\/h5>\n\n\n\n<p style=\"margin-top:var(--wp--preset--spacing--20);margin-bottom:var(--wp--preset--spacing--20);padding-top:0;padding-bottom:0\">Immer mehr Heranwachsende nutzen Nikotinbeutel. Was solltest du dar\u00fcber wissen?Nikotinbeutel, auch \u201ePouches\u201c, \u201eNic-Bags\u201c oder \u201eWhite Snus\u201c genannt, sind kleine, tabakfreie, mit Nikotin gef\u00fcllte Beutel. F\u00fcr 10 bis 60 Minuten zwischen Lippe und Zahnfleisch platziert, kann das Nikotin direkt \u00fcber die Mundschleimhaut in den Blutkreislauf gelangen und dort seine Wirkung entfalten.<br>Anders als Zigaretten sind die in verschiedenen Geschmacksrichtungen erh\u00e4ltlichen Beutel tabakfrei. Ein Beutel kann allerdings so viel Nikotin wie 3 bis 6 Zigaretten enthalten. Das kann nicht nur zu \u00dcbelkeit, Durchfall oder Herz-Kreislauf-Problemen f\u00fchren, Nikotinbeutel sind auch stark abh\u00e4ngig machend.<br>Noch gibt es keine gesetzlichen Vorgaben zur Nikotindosierung oder der Auszeichnung der Inhaltsstoffe von Nic-Bags. Aktuell befindet sich allerdings ein Entwurf zum Tabak- und Nikotinsucht-Gesetz (TNSG) vom Gesundheitsministerium in Begutachtung, der den Kauf von Nikotinbeuteln \u00f6sterreichweit erst ab 18 Jahren erm\u00f6glichen soll.<br><a href=\"https:\/\/faktory.at\"><\/a><em><a href=\"https:\/\/www.google.com\/url?sa=t&amp;source=web&amp;rct=j&amp;opi=89978449&amp;url=https:\/\/www.sozialministerium.at\/dam\/jcr:83879071-1585-447f-953c-654529086c80\/Factsheet_Neue_Nikotinerzeugnisse_in_%25C3%2596sterreich_barrierefrei.pdf&amp;ved=2ahUKEwiMy5mMyt6LAxVzSfEDHbBRPKIQFnoECBYQAQ&amp;usg=AOvVaw3fdQLUlSCpGZk52_CGAmIG\">Factsheet \u201eNeue Nikotinerzeugnisse in \u00d6sterreich\u201c (Dezember 2023, Gesundheit \u00d6sterreich GmbH)<\/a><br><a href=\"https:\/\/rauchfrei.at\/aufhoeren\/tests-tools\/honc\/\">Online-Abh\u00e4ngigkeitsfragebogen f\u00fcr Jugendliche<\/a>&nbsp;(<a href=\"http:\/\/rauchfrei.at\/\">rauchfrei.at<\/a>, betrieben von der \u00d6GK)<br><a href=\"https:\/\/www.rataufdraht.at\/themenubersicht\/sucht\/tabakfreie-nikotinbeutel\">Infoseite von Rat auf Draht<\/a><\/em><\/p>\n<\/div>\n<\/div>\n\n\n\n<div style=\"height:87px\" aria-hidden=\"true\" class=\"wp-block-spacer\"><\/div>\n","protected":false},"excerpt":{"rendered":"<p>Future2Come \u2013 Dein kompakter Wegweiser nach der Matura Die Matura ist geschafft? Damit startest du in einen neuen Lebensabschnitt voller [&hellip;]<\/p>\n","protected":false},"author":2,"featured_media":0,"parent":0,"menu_order":0,"comment_status":"closed","ping_status":"closed","template":"","meta":{"site-sidebar-layout":"default","site-content-layout":"","ast-site-content-layout":"","site-content-style":"default","site-sidebar-style":"default","ast-global-header-display":"","ast-banner-title-visibility":"","ast-main-header-display":"","ast-hfb-above-header-display":"","ast-hfb-below-header-display":"","ast-hfb-mobile-header-display":"","site-post-title":"disabled","ast-breadcrumbs-content":"","ast-featured-img":"","footer-sml-layout":"","theme-transparent-header-meta":"","adv-header-id-meta":"","stick-header-meta":"","header-above-stick-meta":"","header-main-stick-meta":"","header-below-stick-meta":"","astra-migrate-meta-layouts":"default","ast-page-background-enabled":"default","ast-page-background-meta":{"desktop":{"background-color":"var(--ast-global-color-5)","background-image":"","background-repeat":"repeat","background-position":"center center","background-size":"auto","background-attachment":"scroll","background-type":"","background-media":"","overlay-type":"","overlay-color":"","overlay-opacity":"","overlay-gradient":""},"tablet":{"background-color":"","background-image":"","background-repeat":"repeat","background-position":"center center","background-size":"auto","background-attachment":"scroll","background-type":"","background-media":"","overlay-type":"","overlay-color":"","overlay-opacity":"","overlay-gradient":""},"mobile":{"background-color":"","background-image":"","background-repeat":"repeat","background-position":"center center","background-size":"auto","background-attachment":"scroll","background-type":"","background-media":"","overlay-type":"","overlay-color":"","overlay-opacity":"","overlay-gradient":""}},"ast-content-background-meta":{"desktop":{"background-color":"var(--ast-global-color-4)","background-image":"","background-repeat":"repeat","background-position":"center center","background-size":"auto","background-attachment":"scroll","background-type":"","background-media":"","overlay-type":"","overlay-color":"","overlay-opacity":"","overlay-gradient":""},"tablet":{"background-color":"var(--ast-global-color-4)","background-image":"","background-repeat":"repeat","background-position":"center center","background-size":"auto","background-attachment":"scroll","background-type":"","background-media":"","overlay-type":"","overlay-color":"","overlay-opacity":"","overlay-gradient":""},"mobile":{"background-color":"var(--ast-global-color-4)","background-image":"","background-repeat":"repeat","background-position":"center center","background-size":"auto","background-attachment":"scroll","background-type":"","background-media":"","overlay-type":"","overlay-color":"","overlay-opacity":"","overlay-gradient":""}},"footnotes":""},"class_list":["post-12","page","type-page","status-publish","hentry"],"_links":{"self":[{"href":"https:\/\/lerncoach.at\/index.php\/wp-json\/wp\/v2\/pages\/12","targetHints":{"allow":["GET"]}}],"collection":[{"href":"https:\/\/lerncoach.at\/index.php\/wp-json\/wp\/v2\/pages"}],"about":[{"href":"https:\/\/lerncoach.at\/index.php\/wp-json\/wp\/v2\/types\/page"}],"author":[{"embeddable":true,"href":"https:\/\/lerncoach.at\/index.php\/wp-json\/wp\/v2\/users\/2"}],"replies":[{"embeddable":true,"href":"https:\/\/lerncoach.at\/index.php\/wp-json\/wp\/v2\/comments?post=12"}],"version-history":[{"count":55,"href":"https:\/\/lerncoach.at\/index.php\/wp-json\/wp\/v2\/pages\/12\/revisions"}],"predecessor-version":[{"id":154,"href":"https:\/\/lerncoach.at\/index.php\/wp-json\/wp\/v2\/pages\/12\/revisions\/154"}],"wp:attachment":[{"href":"https:\/\/lerncoach.at\/index.php\/wp-json\/wp\/v2\/media?parent=12"}],"curies":[{"name":"wp","href":"https:\/\/api.w.org\/{rel}","templated":true}]}}